{"id":289,"date":"2015-07-07T22:07:50","date_gmt":"2015-07-07T19:07:50","guid":{"rendered":"https:\/\/tziporela.com\/en\/?page_id=289"},"modified":"2018-04-23T12:44:14","modified_gmt":"2018-04-23T09:44:14","slug":"berlin-tour","status":"publish","type":"page","link":"https:\/\/tziporela.com\/en\/","title":{"rendered":"Berlin tour"},"content":{"rendered":"<p><span style=\"font-weight: 400;\">.<\/span><span style=\"font-weight: 400;\">Odd Birdz is a unique sketch comedy show, that has been successfully performed around the world for five seasons in a row.<\/span><\/p>\n<p><span style=\"font-weight: 400;\"> The show consists of 22 theatrical skits which combines multiple genres, form the theatrical world. Each act captures life\u2019s mundane moments and presents them in a unique and intelligent manner. <\/span><\/p>\n<p><span style=\"font-weight: 400;\">The show deals with interpersonal communication, the media in the 21st century, gender, etc. <\/span><\/p>\n<p><span style=\"font-weight: 400;\">The Odd Birdz show is a wild and hilarious theatrical celebration that blends together humor, nonsense, stand-up, slapstick, satire, acrobatics, steps, dance, drama, etc. <\/span><span style=\"font-weight: 400;\">Just like in life, the show will take you by surprise. In 90 minutes, you will experience uncontrollable laughter, happiness, sadness, excitement\u2026and just when you thought it is all over, after the show the actors will be waiting to drink and sing along with you.<\/span><\/p>\n<p><span style=\"font-weight: 400;\">Odd Birdz ist eine einzigartige Sketch-Comedy-Show aus Israel, die 2015 am Broadway uraufgef\u00fchrt und seitdem weltweit gespielt wurde. Nun ist die englischsprachige Show erstmalig in Berlin zu sehen. In 22 Akten werden sowohl Alltagssituationen als auch verschiedene Theatergenres auf ganz neue Art interpretiert. Dabei greifen die &#8220;komischen V\u00f6gel&#8221; tief in die Gef\u00fchlskiste und nehmen den Zuschauer mit auf eine emotionale Reise durch Themenfelder wie zwischenmenschliche Kommunikation, Medien im 21. Jahrhundert und dem Kampf der Geschlechter. Lachen und Weinen wechseln sich genauso schnell ab wie Musik, Tanz, Satire, Stand-Up und Non-sense. Genau wie das Leben selbst \u00fcberrascht Odd Birdz den Zuschauer immer wieder und wird 90 Minuten lang f\u00fcr schallendes Gel\u00e4chter, Freude, Trauer und Aufregung sorgen. Selbst das Ende einer Show wird hier anders interpretiert: Oft warten die Schauspieler des internationalen Ensembles mit einem Getr\u00e4nk und vielen Liedern, die noch gesungen werden wollen auf ihre G\u00e4ste &#8211; ein unvergessliches Erlebnis!<\/span><\/p>\n","protected":false},"excerpt":{"rendered":".Odd Birdz is a unique sketch comedy show, that has been successfully performed around the world for five seasons in a row. The show consists of 22 theatrical skits which combines multiple genres, form the theatrical world. Each act captures life\u2019s mundane moments and presents them in a unique and intelligent manner. The show deals&#8230;","protected":false},"author":2,"featured_media":0,"parent":0,"menu_order":11,"comment_status":"closed","ping_status":"closed","template":"template-home.php","meta":{"_acf_changed":false,"footnotes":""},"acf":[],"yoast_head":"<!-- This site is optimized with the Yoast SEO plugin v23.0 - https:\/\/yoast.com\/wordpress\/plugins\/seo\/ -->\n<title>Tziporela | Home<\/title>\n<meta name=\"description\" content=\"The award-winning indie theatre group Tziporela, was formed over a decade ago by nine graduates of the prestigious Israeli acting studio Nissan Nativ. The young actors began performing together after graduation with a sketch comedy show that gained much success and captured the hearts of the Israeli audience and have been collaborating ever since. Together they have written, directed, designed, choreographed, and produced countless innovative theatrical experiences; sold out performances for a decade; and with their accessible, universal material have developed a loyal fan base of all ages from around the world.\" \/>\n<meta name=\"robots\" content=\"index, follow, max-snippet:-1, max-image-preview:large, max-video-preview:-1\" \/>\n<link rel=\"canonical\" href=\"https:\/\/tziporela.com\/en\/\" \/>\n<meta property=\"og:locale\" content=\"en_US\" \/>\n<meta property=\"og:type\" content=\"article\" \/>\n<meta property=\"og:title\" content=\"Tziporela\" \/>\n<meta property=\"og:description\" content=\"Odd Birdz is a unique sketch comedy show, that has been successfully performed around the world for five seasons in a row.\" \/>\n<meta property=\"og:url\" content=\"https:\/\/tziporela.com\/en\/\" \/>\n<meta property=\"og:site_name\" content=\"\u05e6\u05d9\u05e4\u05d5\u05e8\u05dc\u05d4\" \/>\n<meta property=\"article:modified_time\" content=\"2018-04-23T09:44:14+00:00\" \/>\n<meta name=\"twitter:card\" content=\"summary_large_image\" \/>\n<meta name=\"twitter:label1\" content=\"Est. reading time\" \/>\n\t<meta name=\"twitter:data1\" content=\"1 minute\" \/>\n<script type=\"application\/ld+json\" class=\"yoast-schema-graph\">{\"@context\":\"https:\/\/schema.org\",\"@graph\":[{\"@type\":\"WebPage\",\"@id\":\"https:\/\/tziporela.com\/en\/\",\"url\":\"https:\/\/tziporela.com\/en\/\",\"name\":\"Tziporela | Home\",\"isPartOf\":{\"@id\":\"https:\/\/tziporela.com\/#website\"},\"datePublished\":\"2015-07-07T19:07:50+00:00\",\"dateModified\":\"2018-04-23T09:44:14+00:00\",\"description\":\"The award-winning indie theatre group Tziporela, was formed over a decade ago by nine graduates of the prestigious Israeli acting studio Nissan Nativ. The young actors began performing together after graduation with a sketch comedy show that gained much success and captured the hearts of the Israeli audience and have been collaborating ever since. Together they have written, directed, designed, choreographed, and produced countless innovative theatrical experiences; sold out performances for a decade; and with their accessible, universal material have developed a loyal fan base of all ages from around the world.\",\"inLanguage\":\"en-US\",\"potentialAction\":[{\"@type\":\"ReadAction\",\"target\":[\"https:\/\/tziporela.com\/en\/\"]}]},{\"@type\":\"WebSite\",\"@id\":\"https:\/\/tziporela.com\/#website\",\"url\":\"https:\/\/tziporela.com\/\",\"name\":\"\u05e6\u05d9\u05e4\u05d5\u05e8\u05dc\u05d4\",\"description\":\"\u05d0\u05e0\u05e1\u05de\u05d1\u05dc \u05e6\u05d9\u05e4\u05d5\u05e8\u05dc\u05d4\",\"potentialAction\":[{\"@type\":\"SearchAction\",\"target\":{\"@type\":\"EntryPoint\",\"urlTemplate\":\"https:\/\/tziporela.com\/?s={search_term_string}\"},\"query-input\":\"required name=search_term_string\"}],\"inLanguage\":\"en-US\"}]}<\/script>\n<!-- \/ Yoast SEO plugin. -->","yoast_head_json":{"title":"Tziporela | Home","description":"The award-winning indie theatre group Tziporela, was formed over a decade ago by nine graduates of the prestigious Israeli acting studio Nissan Nativ. The young actors began performing together after graduation with a sketch comedy show that gained much success and captured the hearts of the Israeli audience and have been collaborating ever since. Together they have written, directed, designed, choreographed, and produced countless innovative theatrical experiences; sold out performances for a decade; and with their accessible, universal material have developed a loyal fan base of all ages from around the world.","robots":{"index":"index","follow":"follow","max-snippet":"max-snippet:-1","max-image-preview":"max-image-preview:large","max-video-preview":"max-video-preview:-1"},"canonical":"https:\/\/tziporela.com\/en\/","og_locale":"en_US","og_type":"article","og_title":"Tziporela","og_description":"Odd Birdz is a unique sketch comedy show, that has been successfully performed around the world for five seasons in a row.","og_url":"https:\/\/tziporela.com\/en\/","og_site_name":"\u05e6\u05d9\u05e4\u05d5\u05e8\u05dc\u05d4","article_modified_time":"2018-04-23T09:44:14+00:00","twitter_card":"summary_large_image","twitter_misc":{"Est. reading time":"1 minute"},"schema":{"@context":"https:\/\/schema.org","@graph":[{"@type":"WebPage","@id":"https:\/\/tziporela.com\/en\/","url":"https:\/\/tziporela.com\/en\/","name":"Tziporela | Home","isPartOf":{"@id":"https:\/\/tziporela.com\/#website"},"datePublished":"2015-07-07T19:07:50+00:00","dateModified":"2018-04-23T09:44:14+00:00","description":"The award-winning indie theatre group Tziporela, was formed over a decade ago by nine graduates of the prestigious Israeli acting studio Nissan Nativ. The young actors began performing together after graduation with a sketch comedy show that gained much success and captured the hearts of the Israeli audience and have been collaborating ever since. Together they have written, directed, designed, choreographed, and produced countless innovative theatrical experiences; sold out performances for a decade; and with their accessible, universal material have developed a loyal fan base of all ages from around the world.","inLanguage":"en-US","potentialAction":[{"@type":"ReadAction","target":["https:\/\/tziporela.com\/en\/"]}]},{"@type":"WebSite","@id":"https:\/\/tziporela.com\/#website","url":"https:\/\/tziporela.com\/","name":"\u05e6\u05d9\u05e4\u05d5\u05e8\u05dc\u05d4","description":"\u05d0\u05e0\u05e1\u05de\u05d1\u05dc \u05e6\u05d9\u05e4\u05d5\u05e8\u05dc\u05d4","potentialAction":[{"@type":"SearchAction","target":{"@type":"EntryPoint","urlTemplate":"https:\/\/tziporela.com\/?s={search_term_string}"},"query-input":"required name=search_term_string"}],"inLanguage":"en-US"}]}},"publishpress_future_action":{"enabled":false,"date":"2026-05-02 11:38:11","action":"change-status","newStatus":"draft","terms":[],"taxonomy":"translation_priority"},"_links":{"self":[{"href":"https:\/\/tziporela.com\/en\/wp-json\/wp\/v2\/pages\/289"}],"collection":[{"href":"https:\/\/tziporela.com\/en\/wp-json\/wp\/v2\/pages"}],"about":[{"href":"https:\/\/tziporela.com\/en\/wp-json\/wp\/v2\/types\/page"}],"author":[{"embeddable":true,"href":"https:\/\/tziporela.com\/en\/wp-json\/wp\/v2\/users\/2"}],"replies":[{"embeddable":true,"href":"https:\/\/tziporela.com\/en\/wp-json\/wp\/v2\/comments?post=289"}],"version-history":[{"count":0,"href":"https:\/\/tziporela.com\/en\/wp-json\/wp\/v2\/pages\/289\/revisions"}],"wp:attachment":[{"href":"https:\/\/tziporela.com\/en\/wp-json\/wp\/v2\/media?parent=289"}],"curies":[{"name":"wp","href":"https:\/\/api.w.org\/{rel}","templated":true}]}}